{"id":5707,"date":"2015-02-19T09:48:19","date_gmt":"2015-02-19T09:48:19","guid":{"rendered":"http:\/\/demo2.wpresidence.net\/?page_id=5707"},"modified":"2022-05-27T10:32:01","modified_gmt":"2022-05-27T15:32:01","slug":"contact-us-3","status":"publish","type":"page","link":"https:\/\/safebienesraices.com\/index.php\/contact-us-3\/","title":{"rendered":"Cont\u00e1ctanos"},"content":{"rendered":"<p>[vc_row][vc_column][vc_column_text]<\/p>\n<h1 style=\"text-align: center;\">Nuestros Aliados<\/h1>\n<p>[\/vc_column_text][vc_row_inner][vc_column_inner width=\u00bb1\/4&#8243;][vc_single_image image=\u00bb21035&#8243; img_size=\u00bbfull\u00bb][\/vc_column_inner][vc_column_inner width=\u00bb1\/4&#8243;][vc_single_image image=\u00bb21036&#8243; img_size=\u00bbfull\u00bb][\/vc_column_inner][vc_column_inner width=\u00bb1\/4&#8243;][vc_single_image image=\u00bb21034&#8243; img_size=\u00bbfull\u00bb][\/vc_column_inner][vc_column_inner width=\u00bb1\/4&#8243;][vc_single_image image=\u00bb21033&#8243; img_size=\u00bbfull\u00bb][\/vc_column_inner][\/vc_row_inner][\/vc_column][\/vc_row][vc_row][vc_column][vc_column_text]Somos una inmobiliaria l\u00edder con m\u00e1s de 14 a\u00f1os en el sector de bienes ra\u00edces en la ciudad de Santa Marta, Colombia. Safe Bienes Ra\u00edces garantiza un servicio eficiente, asesorando y dando respuesta veraz a inquietudes o necesidades a la hora de promocionar proyectos, vender, avaluar su inmueble o propiedad.[\/vc_column_text][\/vc_column][\/vc_row]<\/p>\n","protected":false},"excerpt":{"rendered":"<p>[vc_row][vc_column][vc_column_text] Nuestros Aliados [\/vc_column_text][vc_row_inner][vc_column_inner width=\u00bb1\/4&#8243;][vc_single_image image=\u00bb21035&#8243; img_size=\u00bbfull\u00bb][\/vc_column_inner][vc_column_inner width=\u00bb1\/4&#8243;][vc_single_image image=\u00bb21036&#8243; img_size=\u00bbfull\u00bb][\/vc_column_inner][vc_column_inner width=\u00bb1\/4&#8243;][vc_single_image image=\u00bb21034&#8243; img_size=\u00bbfull\u00bb][\/vc_column_inner][vc_column_inner width=\u00bb1\/4&#8243;][vc_single_image image=\u00bb21033&#8243; img_size=\u00bbfull\u00bb][\/vc_column_inner][\/vc_row_inner][\/vc_column][\/vc_row][vc_row][vc_column][vc_column_text]Somos una inmobiliaria l\u00edder con m\u00e1s de 14 a\u00f1os en el sector de bienes ra\u00edces en la ciudad de Santa Marta, Colombia. Safe Bienes Ra\u00edces garantiza un servicio eficiente, asesorando y dando respuesta veraz a inquietudes o necesidades a la hora de promocionar proyectos, vender, avaluar su inmueble o &#8230;<\/p>\n","protected":false},"author":1,"featured_media":0,"parent":0,"menu_order":0,"comment_status":"open","ping_status":"open","template":"contact_page.php","meta":{"footnotes":""},"class_list":["post-5707","page","type-page","status-publish","hentry"],"_links":{"self":[{"href":"https:\/\/safebienesraices.com\/index.php\/wp-json\/wp\/v2\/pages\/5707","targetHints":{"allow":["GET"]}}],"collection":[{"href":"https:\/\/safebienesraices.com\/index.php\/wp-json\/wp\/v2\/pages"}],"about":[{"href":"https:\/\/safebienesraices.com\/index.php\/wp-json\/wp\/v2\/types\/page"}],"author":[{"embeddable":true,"href":"https:\/\/safebienesraices.com\/index.php\/wp-json\/wp\/v2\/users\/1"}],"replies":[{"embeddable":true,"href":"https:\/\/safebienesraices.com\/index.php\/wp-json\/wp\/v2\/comments?post=5707"}],"version-history":[{"count":18,"href":"https:\/\/safebienesraices.com\/index.php\/wp-json\/wp\/v2\/pages\/5707\/revisions"}],"predecessor-version":[{"id":21064,"href":"https:\/\/safebienesraices.com\/index.php\/wp-json\/wp\/v2\/pages\/5707\/revisions\/21064"}],"wp:attachment":[{"href":"https:\/\/safebienesraices.com\/index.php\/wp-json\/wp\/v2\/media?parent=5707"}],"curies":[{"name":"wp","href":"https:\/\/api.w.org\/{rel}","templated":true}]}}