{"id":20703,"date":"2022-02-11T14:37:04","date_gmt":"2022-02-11T19:37:04","guid":{"rendered":"https:\/\/safebienesraices.com\/?page_id=20703"},"modified":"2022-05-17T15:37:58","modified_gmt":"2022-05-17T20:37:58","slug":"servicios","status":"publish","type":"page","link":"https:\/\/safebienesraices.com\/index.php\/servicios\/","title":{"rendered":"Servicios"},"content":{"rendered":"<p>[vc_row][vc_column][vc_column_text]<\/p>\n<h2><span style=\"color: #3d7ab1;\"><strong>Promoci\u00f3n y comercializaci\u00f3n<\/strong><\/span><br \/>\n<span style=\"color: #3d7ab1;\"><strong>de <\/strong><\/span><span style=\"color: #3d7ab1;\"><strong>proyectos inmobiliarios<\/strong><\/span><\/h2>\n<p>[\/vc_column_text][\/vc_column][vc_column width=\u00bb1\/2&#8243;][vc_column_text]Nosotros como agentes inmobiliarios, mediante la gesti\u00f3n, an\u00e1lisis y estudios previos, demostramos a los futuros inversionistas la viabilidad del desarrollo de proyectos inmobiliarios, de forma exitosa y segura.<\/p>\n<p>Dentro el proceso de promoci\u00f3n nuestro servicio incluye:<\/p>\n<ul>\n<li>Consecuci\u00f3n del lote y estudio de la tradici\u00f3n del mismo.<\/li>\n<li>Proceso de escrituraci\u00f3n y \/o adjudicaci\u00f3n a los inversionistas, en caso de que este sea de terceros.<\/li>\n<li>Comercializaci\u00f3n y fuerza de ventas para cierre de negocios.<\/li>\n<li>Orientaci\u00f3n en servicios de postventa.<\/li>\n<li>Administraci\u00f3n de cartera.<\/li>\n<li>Consecuci\u00f3n de permisos, licencias y tr\u00e1mites requeridos para el proyecto.<\/li>\n<li>Consecuci\u00f3n de recursos y\/o soportes ante entidades financieras.<\/li>\n<li>Transacci\u00f3n y legalizaci\u00f3n de ventas.<\/li>\n<\/ul>\n<p>[\/vc_column_text][\/vc_column][vc_column width=\u00bb1\/2&#8243;][vc_single_image image=\u00bb20738&#8243; img_size=\u00bbfull\u00bb][\/vc_column][\/vc_row][vc_row][vc_column][vc_column_text css=\u00bb.vc_custom_1644615256768{margin-top: 30px !important;margin-bottom: 30px !important;}\u00bb]<\/p>\n<h2 style=\"text-align: center;\"><span style=\"color: #3d7ab1;\">Administraci\u00f3n y Comercializaci\u00f3n <\/span><span style=\"color: #3d7ab1;\">de inmuebles<\/span><\/h2>\n<p>[\/vc_column_text][\/vc_column][vc_column width=\u00bb1\/2&#8243;][vc_single_image image=\u00bb20712&#8243; img_size=\u00bbfull\u00bb][\/vc_column][vc_column width=\u00bb1\/2&#8243;][vc_column_text]<\/p>\n<h3><span style=\"color: #3d7ab1;\">COMERCIALIZACI\u00d3N DE INMUEBLES<\/span><\/h3>\n<p style=\"text-align: justify;\">Realizamos la promoci\u00f3n y comercializaci\u00f3n de su propiedad por diferentes medios digitales con la asistencia de personal capacitado en\u00a0 ublicidad, avisos f\u00edsicos en el inmueble, apoyado con atenci\u00f3n personalizada y profesional, asesor\u00eda en los procesos de ventas como documentaci\u00f3n, cr\u00e9ditos hipotecarios, y seguimientos para finalizaci\u00f3n de una venta efectiva.<\/p>\n<h3><span style=\"color: #3d7ab1;\">ADMINISTRACI\u00d3N DE INMUEBLES<\/span><\/h3>\n<p style=\"text-align: justify;\">Realizamos el proceso de promocion, administracion y arrendamiento de su propiedad, aplicando los filtros para un arrendatario apropiado gracias a nuestro personal profesional en el \u00e1rea de bienes ra\u00edces, garantizamos el pago en c\u00e1nones de arrendamiento y cuotas de administraci\u00f3n con apoyo de aseguradoras. Realizamos el seguimiento necesario para la conservaci\u00f3n y cuidado de su inmueble.<\/p>\n<p style=\"text-align: justify;\">\n<p>[\/vc_column_text][\/vc_column][\/vc_row][vc_row full_width=\u00bbstretch_row\u00bb content_placement=\u00bbmiddle\u00bb css=\u00bb.vc_custom_1644615835895{background-color: #3d7ab1 !important;}\u00bb][vc_column width=\u00bb1\/2&#8243;][vc_column_text]<\/p>\n<h2 style=\"text-align: center;\"><span style=\"color: #ffffff;\"><strong>Administraci\u00f3n de Propiedad Horizontal<\/strong><\/span><\/h2>\n<p>[\/vc_column_text][vc_column_text]<span style=\"color: #ffffff;\">Dentro del desarrollo de comercializaci\u00f3n de proyectos, ofrecemos los siguientes servicios basados en el conocimiento exigido para el cumplimiento de la ley 675 de 2001 de propiedad horizontal.<\/span>[\/vc_column_text][vc_column_text]<\/p>\n<ul>\n<li><span style=\"color: #ffffff;\">Administraci\u00f3n.<\/span><\/li>\n<li><span style=\"color: #ffffff;\">Administraci\u00f3n Delegada.<\/span><\/li>\n<li><span style=\"color: #ffffff;\">Contabilidad sistematizada.<\/span><\/li>\n<li><span style=\"color: #ffffff;\">Asesor\u00eda Jur\u00eddica.<\/span><\/li>\n<li><span style=\"color: #ffffff;\">Mantenimiento en general de la copropiedad.<\/span><\/li>\n<\/ul>\n<p>[\/vc_column_text][\/vc_column][vc_column width=\u00bb1\/2&#8243;][vc_single_image image=\u00bb20734&#8243; img_size=\u00bbfull\u00bb][\/vc_column][\/vc_row][vc_row content_placement=\u00bbmiddle\u00bb][vc_column width=\u00bb1\/2&#8243;][vc_single_image image=\u00bb20736&#8243; img_size=\u00bbfull\u00bb][\/vc_column][vc_column width=\u00bb1\/2&#8243;][vc_column_text]<\/p>\n<h2 style=\"text-align: center;\"><span style=\"color: #3d7ab1;\"><strong>Acabados Generales<\/strong><\/span><\/h2>\n<p>[\/vc_column_text][vc_column_text]Siendo apoyo para nuestros clientes e inversionistas ofrecemos servicios de mantenimiento a sus propiedades:<br \/>\nMantenimientos, limpiezas y pinturas de fachadas.<\/p>\n<ul>\n<li>Impermeabilizaciones.<\/li>\n<li>Remodelaciones y adecuaciones internas generales.<\/li>\n<li>Servicios de plomer\u00eda, electricidad y aires acondicionados.<\/li>\n<li>Contamos con personal t\u00e9cnico y profesional.<\/li>\n<li>Contamos con equipos propios para realizar labores<\/li>\n<\/ul>\n<p>[\/vc_column_text][\/vc_column][\/vc_row]<\/p>\n","protected":false},"excerpt":{"rendered":"<p>[vc_row][vc_column][vc_column_text] Promoci\u00f3n y comercializaci\u00f3n de proyectos inmobiliarios [\/vc_column_text][\/vc_column][vc_column width=\u00bb1\/2&#8243;][vc_column_text]Nosotros como agentes inmobiliarios, mediante la gesti\u00f3n, an\u00e1lisis y estudios previos, demostramos a los futuros inversionistas la viabilidad del desarrollo de proyectos inmobiliarios, de forma exitosa y segura. Dentro el proceso de promoci\u00f3n nuestro servicio incluye: Consecuci\u00f3n del lote y estudio de la tradici\u00f3n del mismo. Proceso de escrituraci\u00f3n y \/o adjudicaci\u00f3n a los inversionistas, en &#8230;<\/p>\n","protected":false},"author":2,"featured_media":0,"parent":0,"menu_order":0,"comment_status":"closed","ping_status":"closed","template":"","meta":{"footnotes":""},"class_list":["post-20703","page","type-page","status-publish","hentry"],"_links":{"self":[{"href":"https:\/\/safebienesraices.com\/index.php\/wp-json\/wp\/v2\/pages\/20703","targetHints":{"allow":["GET"]}}],"collection":[{"href":"https:\/\/safebienesraices.com\/index.php\/wp-json\/wp\/v2\/pages"}],"about":[{"href":"https:\/\/safebienesraices.com\/index.php\/wp-json\/wp\/v2\/types\/page"}],"author":[{"embeddable":true,"href":"https:\/\/safebienesraices.com\/index.php\/wp-json\/wp\/v2\/users\/2"}],"replies":[{"embeddable":true,"href":"https:\/\/safebienesraices.com\/index.php\/wp-json\/wp\/v2\/comments?post=20703"}],"version-history":[{"count":12,"href":"https:\/\/safebienesraices.com\/index.php\/wp-json\/wp\/v2\/pages\/20703\/revisions"}],"predecessor-version":[{"id":20978,"href":"https:\/\/safebienesraices.com\/index.php\/wp-json\/wp\/v2\/pages\/20703\/revisions\/20978"}],"wp:attachment":[{"href":"https:\/\/safebienesraices.com\/index.php\/wp-json\/wp\/v2\/media?parent=20703"}],"curies":[{"name":"wp","href":"https:\/\/api.w.org\/{rel}","templated":true}]}}