{"id":20685,"date":"2022-02-11T12:26:13","date_gmt":"2022-02-11T17:26:13","guid":{"rendered":"https:\/\/safebienesraices.com\/?page_id=20685"},"modified":"2022-05-17T15:12:16","modified_gmt":"2022-05-17T20:12:16","slug":"quienes-somos","status":"publish","type":"page","link":"https:\/\/safebienesraices.com\/index.php\/quienes-somos\/","title":{"rendered":"Quienes Somos"},"content":{"rendered":"<p>[vc_row full_width=\u00bbstretch_row\u00bb css=\u00bb.vc_custom_1644607746964{margin-top: 0px !important;padding-top: 0px !important;background-position: center !important;background-repeat: no-repeat !important;background-size: contain !important;}\u00bb][vc_column][vc_column_text]<\/p>\n<p style=\"text-align: justify;\">Somos una inmobiliaria l\u00edder con m\u00e1s de 14 a\u00f1os en el sector de bienes ra\u00edces en la ciudad de Santa Marta, Colombia. Safe bienes Ra\u00edces, contin\u00faa profesionalizando y demostrando su solidez, brindando atenci\u00f3n personalizada a clientes nacionales e internacionales, con un extenso portafolio de servicios, entre los que destacamos; la administraci\u00f3n personalizada de inmuebles, comercializaci\u00f3n de proyectos, la administraci\u00f3n de propiedades horizontales, realizaci\u00f3n de trabajos de acabados, reparaciones menores y de fachadas.<br \/>\nSafe Bienes Ra\u00edces garantiza un servicio eficiente, asesorando y dando respuesta veraz a inquietudes o necesidades a la hora de promocionar proyectos, vender o avaluar su inmueble.<\/p>\n<p>[\/vc_column_text][\/vc_column][\/vc_row][vc_row equal_height=\u00bbyes\u00bb content_placement=\u00bbmiddle\u00bb css_animation=\u00bbfadeInDown\u00bb][vc_column width=\u00bb1\/2&#8243;][vc_column_text]<\/p>\n<h2 style=\"text-align: justify;\"><span style=\"color: #3d7ab1;\">NUESTRA MISI\u00d3N<\/span><\/h2>\n<p style=\"text-align: justify;\">Safe Bienes Ra\u00edces garantizar\u00e1 brindar un servicio personalizado, de calidad, seguro y eficiente en sus propiedades. Generar soluciones en las propiedades horizontales, veracidad en sus contabilidades y mantenimientos necesarios como en sus reparaciones. As\u00ed como asesorar a sus clientes en bienes ra\u00edces, con la gesti\u00f3n de compra y venta de inmuebles<\/p>\n<p>[\/vc_column_text][\/vc_column][vc_column width=\u00bb1\/2&#8243;][vc_single_image image=\u00bb20731&#8243; img_size=\u00bbfull\u00bb][\/vc_column][\/vc_row][vc_row content_placement=\u00bbmiddle\u00bb css_animation=\u00bbfadeInDown\u00bb][vc_column width=\u00bb1\/2&#8243;][vc_single_image image=\u00bb20696&#8243; img_size=\u00bbfull\u00bb][\/vc_column][vc_column width=\u00bb1\/2&#8243;][vc_column_text]<\/p>\n<h2><span style=\"color: #3d7ab1;\">NUESTRA VISI\u00d3N<\/span><\/h2>\n<p style=\"text-align: justify;\">Queremos lograr posicionarnos en el mercado de bienes ra\u00edces y ser reconocidos en el departamento del Magdalena y la Costa Atl\u00e1ntica para el a\u00f1o 2025, con nuestras gestiones en ventas, asesor\u00edas en propiedades horizontales, adecuaciones y sostenimiento de plantas f\u00edsicas, as\u00ed como la comercializaci\u00f3n de proyectos. Manteniendo la seriedad, confianza y sobre todo profesionalismo en el asesoramiento a nuestros clientes nacionales e internacionales con sus inversiones.<\/p>\n<p>[\/vc_column_text][\/vc_column][\/vc_row]<\/p>\n","protected":false},"excerpt":{"rendered":"<p>[vc_row full_width=\u00bbstretch_row\u00bb css=\u00bb.vc_custom_1644607746964{margin-top: 0px !important;padding-top: 0px !important;background-position: center !important;background-repeat: no-repeat !important;background-size: contain !important;}\u00bb][vc_column][vc_column_text] Somos una inmobiliaria l\u00edder con m\u00e1s de 14 a\u00f1os en el sector de bienes ra\u00edces en la ciudad de Santa Marta, Colombia. Safe bienes Ra\u00edces, contin\u00faa profesionalizando y demostrando su solidez, brindando atenci\u00f3n personalizada a clientes nacionales e internacionales, con un extenso portafolio de servicios, entre los que destacamos; la administraci\u00f3n &#8230;<\/p>\n","protected":false},"author":2,"featured_media":0,"parent":0,"menu_order":0,"comment_status":"closed","ping_status":"closed","template":"","meta":{"footnotes":""},"class_list":["post-20685","page","type-page","status-publish","hentry"],"_links":{"self":[{"href":"https:\/\/safebienesraices.com\/index.php\/wp-json\/wp\/v2\/pages\/20685","targetHints":{"allow":["GET"]}}],"collection":[{"href":"https:\/\/safebienesraices.com\/index.php\/wp-json\/wp\/v2\/pages"}],"about":[{"href":"https:\/\/safebienesraices.com\/index.php\/wp-json\/wp\/v2\/types\/page"}],"author":[{"embeddable":true,"href":"https:\/\/safebienesraices.com\/index.php\/wp-json\/wp\/v2\/users\/2"}],"replies":[{"embeddable":true,"href":"https:\/\/safebienesraices.com\/index.php\/wp-json\/wp\/v2\/comments?post=20685"}],"version-history":[{"count":12,"href":"https:\/\/safebienesraices.com\/index.php\/wp-json\/wp\/v2\/pages\/20685\/revisions"}],"predecessor-version":[{"id":20733,"href":"https:\/\/safebienesraices.com\/index.php\/wp-json\/wp\/v2\/pages\/20685\/revisions\/20733"}],"wp:attachment":[{"href":"https:\/\/safebienesraices.com\/index.php\/wp-json\/wp\/v2\/media?parent=20685"}],"curies":[{"name":"wp","href":"https:\/\/api.w.org\/{rel}","templated":true}]}}